{"id":95,"date":"2023-09-12T09:32:44","date_gmt":"2023-09-12T07:32:44","guid":{"rendered":"https:\/\/residenzadeifiori.ms2.decms.eu\/?page_id=95"},"modified":"2026-03-07T16:59:09","modified_gmt":"2026-03-07T15:59:09","slug":"residenza-dei-fiori","status":"publish","type":"page","link":"https:\/\/www.residenzadeifiori.com\/fr\/","title":{"rendered":"Residenza dei Fiori"},"content":{"rendered":"<p>Les appartements de la Residenza dei Fiori ont \u00e9t\u00e9 cr\u00e9\u00e9s dans le but d&rsquo;offrir un h\u00e9bergement confortable aux familles avec de jeunes enfants ou des adolescents, garantissant dans tous les cas tous les services de l&rsquo;H\u00f4tel Cannero Lakeside Resort. Cependant, ils peuvent \u00e9galement accueillir seulement deux ou trois adultes. Ils sont compos\u00e9s pour la plupart d&rsquo;une chambre double avec un lit double (ou deux lits s\u00e9par\u00e9s sur demande) pour deux personnes et d&rsquo;un s\u00e9jour avec un canap\u00e9 lit pour un\/deux enfants. Dans certains appartements, il est possible d&rsquo;ajouter un lit suppl\u00e9mentaire. L&rsquo;h\u00f4tel propose des lits b\u00e9b\u00e9 pour les jeunes enfants, sur demande et moyennant un suppl\u00e9ment. La salle de bain est \u00e9quip\u00e9e d&rsquo;une douche et la kitchenette est con\u00e7ue pour cuisiner \u00e0 tout moment des aliments pour b\u00e9b\u00e9, du lait ou ce dont vous avez besoin pour une collation. La kitchenette est compl\u00e9t\u00e9e par une table et des chaises et est \u00e9quip\u00e9e d&rsquo;un four micro-ondes, de vaisselle, d&rsquo;ustensiles et de linge de cuisine. Le linge de salle de bain et du coin nuit est fourni par l&rsquo;h\u00f4tel et est chang\u00e9 r\u00e9guli\u00e8rement. Les appartements sont nettoy\u00e9s quotidiennement par les femmes de chambre de l&rsquo;h\u00f4tel et rang\u00e9s le soir. Ils ne sont pas adapt\u00e9s \u00e0 l&rsquo;accueil de personnes handicap\u00e9es ou \u00e0 mobilit\u00e9 r\u00e9duite (par exemple personnes en fauteuil roulant, etc.).<\/p>\n","protected":false},"excerpt":{"rendered":"<p>Les appartements de la Residenza dei Fiori ont \u00e9t\u00e9 cr\u00e9\u00e9s dans le but d&rsquo;offrir un h\u00e9bergement confortable aux familles avec de jeunes enfants ou des adolescents, garantissant dans tous les cas tous les services de l&rsquo;H\u00f4tel Cannero Lakeside Resort. Cependant, ils peuvent \u00e9galement accueillir seulement deux ou trois adultes. Ils sont compos\u00e9s pour la plupart [&hellip;]<\/p>\n","protected":false},"author":26,"featured_media":0,"parent":0,"menu_order":10,"comment_status":"closed","ping_status":"closed","template":"template-landing-page.php","meta":{"footnotes":""},"class_list":["post-95","page","type-page","status-publish","hentry"],"yoast_head":"<!-- This site is optimized with the Yoast SEO plugin v27.3 - https:\/\/yoast.com\/product\/yoast-seo-wordpress\/ -->\n<title>Residenza dei Fiori &#8226; Residenza dei Fiori &#8226;<\/title>\n<meta name=\"description\" content=\"Les appartements de la Residenza dei Fiori ont \u00e9t\u00e9 cr\u00e9\u00e9s dans le but d&#039;offrir un h\u00e9bergement confortable aux familles avec de jeunes enfants ou des adolescents, garantissant dans tous les cas tous les services de l&#039;H\u00f4tel Cannero Lakeside Resort. Cependant, ils peuvent \u00e9galement accueillir seulement deux ou trois adultes\" \/>\n<meta name=\"robots\" content=\"index, follow, max-snippet:-1, max-image-preview:large, max-video-preview:-1\" \/>\n<link rel=\"canonical\" href=\"https:\/\/www.residenzadeifiori.com\/fr\/\" \/>\n<meta property=\"og:locale\" content=\"fr_FR\" \/>\n<meta property=\"og:type\" content=\"article\" \/>\n<meta property=\"og:title\" content=\"Residenza dei Fiori &#8226; Residenza dei Fiori &#8226;\" \/>\n<meta property=\"og:description\" content=\"Les appartements de la Residenza dei Fiori ont \u00e9t\u00e9 cr\u00e9\u00e9s dans le but d&#039;offrir un h\u00e9bergement confortable aux familles avec de jeunes enfants ou des adolescents, garantissant dans tous les cas tous les services de l&#039;H\u00f4tel Cannero Lakeside Resort. Cependant, ils peuvent \u00e9galement accueillir seulement deux ou trois adultes\" \/>\n<meta property=\"og:url\" content=\"https:\/\/www.residenzadeifiori.com\/fr\/\" \/>\n<meta property=\"og:site_name\" content=\"Residenza dei Fiori\" \/>\n<meta property=\"article:modified_time\" content=\"2026-03-07T15:59:09+00:00\" \/>\n<meta name=\"twitter:card\" content=\"summary_large_image\" \/>\n<meta name=\"twitter:label1\" content=\"Dur\u00e9e de lecture estim\u00e9e\" \/>\n\t<meta name=\"twitter:data1\" content=\"2 minutes\" \/>\n<script type=\"application\/ld+json\" class=\"yoast-schema-graph\">{\"@context\":\"https:\\\/\\\/schema.org\",\"@graph\":[{\"@type\":\"WebPage\",\"@id\":\"https:\\\/\\\/www.residenzadeifiori.com\\\/fr\\\/\",\"url\":\"https:\\\/\\\/www.residenzadeifiori.com\\\/fr\\\/\",\"name\":\"Residenza dei Fiori &#8226; Residenza dei Fiori &#8226;\",\"isPartOf\":{\"@id\":\"https:\\\/\\\/www.residenzadeifiori.com\\\/fr\\\/#website\"},\"datePublished\":\"2023-09-12T07:32:44+00:00\",\"dateModified\":\"2026-03-07T15:59:09+00:00\",\"description\":\"Les appartements de la Residenza dei Fiori ont \u00e9t\u00e9 cr\u00e9\u00e9s dans le but d'offrir un h\u00e9bergement confortable aux familles avec de jeunes enfants ou des adolescents, garantissant dans tous les cas tous les services de l'H\u00f4tel Cannero Lakeside Resort. Cependant, ils peuvent \u00e9galement accueillir seulement deux ou trois adultes\",\"breadcrumb\":{\"@id\":\"https:\\\/\\\/www.residenzadeifiori.com\\\/fr\\\/#breadcrumb\"},\"inLanguage\":\"fr-FR\",\"potentialAction\":[{\"@type\":\"ReadAction\",\"target\":[\"https:\\\/\\\/www.residenzadeifiori.com\\\/fr\\\/\"]}]},{\"@type\":\"BreadcrumbList\",\"@id\":\"https:\\\/\\\/www.residenzadeifiori.com\\\/fr\\\/#breadcrumb\",\"itemListElement\":[{\"@type\":\"ListItem\",\"position\":1,\"name\":\"Home\",\"item\":\"https:\\\/\\\/www.residenzadeifiori.com\\\/fr\\\/\"},{\"@type\":\"ListItem\",\"position\":2,\"name\":\"Residenza dei Fiori\"}]},{\"@type\":\"WebSite\",\"@id\":\"https:\\\/\\\/www.residenzadeifiori.com\\\/fr\\\/#website\",\"url\":\"https:\\\/\\\/www.residenzadeifiori.com\\\/fr\\\/\",\"name\":\"Residenza dei Fiori\",\"description\":\"\",\"potentialAction\":[{\"@type\":\"SearchAction\",\"target\":{\"@type\":\"EntryPoint\",\"urlTemplate\":\"https:\\\/\\\/www.residenzadeifiori.com\\\/fr\\\/?s={search_term_string}\"},\"query-input\":{\"@type\":\"PropertyValueSpecification\",\"valueRequired\":true,\"valueName\":\"search_term_string\"}}],\"inLanguage\":\"fr-FR\"}]}<\/script>\n<!-- \/ Yoast SEO plugin. -->","yoast_head_json":{"title":"Residenza dei Fiori &#8226; Residenza dei Fiori &#8226;","description":"Les appartements de la Residenza dei Fiori ont \u00e9t\u00e9 cr\u00e9\u00e9s dans le but d'offrir un h\u00e9bergement confortable aux familles avec de jeunes enfants ou des adolescents, garantissant dans tous les cas tous les services de l'H\u00f4tel Cannero Lakeside Resort. Cependant, ils peuvent \u00e9galement accueillir seulement deux ou trois adultes","robots":{"index":"index","follow":"follow","max-snippet":"max-snippet:-1","max-image-preview":"max-image-preview:large","max-video-preview":"max-video-preview:-1"},"canonical":"https:\/\/www.residenzadeifiori.com\/fr\/","og_locale":"fr_FR","og_type":"article","og_title":"Residenza dei Fiori &#8226; Residenza dei Fiori &#8226;","og_description":"Les appartements de la Residenza dei Fiori ont \u00e9t\u00e9 cr\u00e9\u00e9s dans le but d'offrir un h\u00e9bergement confortable aux familles avec de jeunes enfants ou des adolescents, garantissant dans tous les cas tous les services de l'H\u00f4tel Cannero Lakeside Resort. Cependant, ils peuvent \u00e9galement accueillir seulement deux ou trois adultes","og_url":"https:\/\/www.residenzadeifiori.com\/fr\/","og_site_name":"Residenza dei Fiori","article_modified_time":"2026-03-07T15:59:09+00:00","twitter_card":"summary_large_image","twitter_misc":{"Dur\u00e9e de lecture estim\u00e9e":"2 minutes"},"schema":{"@context":"https:\/\/schema.org","@graph":[{"@type":"WebPage","@id":"https:\/\/www.residenzadeifiori.com\/fr\/","url":"https:\/\/www.residenzadeifiori.com\/fr\/","name":"Residenza dei Fiori &#8226; Residenza dei Fiori &#8226;","isPartOf":{"@id":"https:\/\/www.residenzadeifiori.com\/fr\/#website"},"datePublished":"2023-09-12T07:32:44+00:00","dateModified":"2026-03-07T15:59:09+00:00","description":"Les appartements de la Residenza dei Fiori ont \u00e9t\u00e9 cr\u00e9\u00e9s dans le but d'offrir un h\u00e9bergement confortable aux familles avec de jeunes enfants ou des adolescents, garantissant dans tous les cas tous les services de l'H\u00f4tel Cannero Lakeside Resort. Cependant, ils peuvent \u00e9galement accueillir seulement deux ou trois adultes","breadcrumb":{"@id":"https:\/\/www.residenzadeifiori.com\/fr\/#breadcrumb"},"inLanguage":"fr-FR","potentialAction":[{"@type":"ReadAction","target":["https:\/\/www.residenzadeifiori.com\/fr\/"]}]},{"@type":"BreadcrumbList","@id":"https:\/\/www.residenzadeifiori.com\/fr\/#breadcrumb","itemListElement":[{"@type":"ListItem","position":1,"name":"Home","item":"https:\/\/www.residenzadeifiori.com\/fr\/"},{"@type":"ListItem","position":2,"name":"Residenza dei Fiori"}]},{"@type":"WebSite","@id":"https:\/\/www.residenzadeifiori.com\/fr\/#website","url":"https:\/\/www.residenzadeifiori.com\/fr\/","name":"Residenza dei Fiori","description":"","potentialAction":[{"@type":"SearchAction","target":{"@type":"EntryPoint","urlTemplate":"https:\/\/www.residenzadeifiori.com\/fr\/?s={search_term_string}"},"query-input":{"@type":"PropertyValueSpecification","valueRequired":true,"valueName":"search_term_string"}}],"inLanguage":"fr-FR"}]}},"acf":[],"_links":{"self":[{"href":"https:\/\/www.residenzadeifiori.com\/fr\/wp-json\/wp\/v2\/pages\/95","targetHints":{"allow":["GET"]}}],"collection":[{"href":"https:\/\/www.residenzadeifiori.com\/fr\/wp-json\/wp\/v2\/pages"}],"about":[{"href":"https:\/\/www.residenzadeifiori.com\/fr\/wp-json\/wp\/v2\/types\/page"}],"author":[{"embeddable":true,"href":"https:\/\/www.residenzadeifiori.com\/fr\/wp-json\/wp\/v2\/users\/26"}],"replies":[{"embeddable":true,"href":"https:\/\/www.residenzadeifiori.com\/fr\/wp-json\/wp\/v2\/comments?post=95"}],"version-history":[{"count":0,"href":"https:\/\/www.residenzadeifiori.com\/fr\/wp-json\/wp\/v2\/pages\/95\/revisions"}],"wp:attachment":[{"href":"https:\/\/www.residenzadeifiori.com\/fr\/wp-json\/wp\/v2\/media?parent=95"}],"curies":[{"name":"wp","href":"https:\/\/api.w.org\/{rel}","templated":true}]}}