{"id":130,"date":"2023-10-09T14:48:46","date_gmt":"2023-10-09T12:48:46","guid":{"rendered":"https:\/\/residenzadeifiori.ms2.decms.eu\/?page_id=130"},"modified":"2023-10-11T12:36:43","modified_gmt":"2023-10-11T10:36:43","slug":"appartements-avec-fenetre-et-balcon-donnant-sur-le-village","status":"publish","type":"page","link":"https:\/\/www.residenzadeifiori.com\/fr\/residenza-dei-fiori\/appartements-avec-fenetre-et-balcon-donnant-sur-le-village\/","title":{"rendered":"Appartements avec fen\u00eatre et balcon donnant sur le village"},"content":{"rendered":"<p>Ce sont des appartements de deux pi\u00e8ces compos\u00e9s d&rsquo;une chambre double pour deux personnes et d&rsquo;un salon avec un canap\u00e9-lit pour une troisi\u00e8me personne. La salle de bain dispose d&rsquo;une douche et la kitchenette est compl\u00e9t\u00e9e par une table avec des chaises.<\/p>\n<p>La chambre double a une fen\u00eatre donnant sur le village et le salon poss\u00e8de un balcon donnant sur le village. Sur le balcon il y a une table et deux chaises. Ils sont \u00e9galement accessibles par ascenseur.<\/p>\n","protected":false},"excerpt":{"rendered":"<p>Ce sont des appartements de deux pi\u00e8ces compos\u00e9s d&rsquo;une chambre double pour deux personnes et d&rsquo;un salon avec un canap\u00e9-lit pour une troisi\u00e8me personne. La salle de bain dispose d&rsquo;une douche et la kitchenette est compl\u00e9t\u00e9e par une table avec des chaises. La chambre double a une fen\u00eatre donnant sur le village et le salon [&hellip;]<\/p>\n","protected":false},"author":26,"featured_media":0,"parent":95,"menu_order":50,"comment_status":"closed","ping_status":"closed","template":"appartamento-vista-villaggio.php","meta":{"footnotes":""},"class_list":["post-130","page","type-page","status-publish","hentry"],"yoast_head":"<!-- This site is optimized with the Yoast SEO plugin v27.3 - https:\/\/yoast.com\/product\/yoast-seo-wordpress\/ -->\n<title>Appartements avec fen\u00eatre et balcon donnant sur le village &#8226; Residenza dei Fiori &#8226;<\/title>\n<meta name=\"description\" content=\"Ce sont des appartements de deux pi\u00e8ces compos\u00e9s d&#039;une chambre double pour deux personnes et d&#039;un salon avec un canap\u00e9-lit pour une troisi\u00e8me personne. La salle de bain dispose d&#039;une douche et la kitchenette est compl\u00e9t\u00e9e par une table avec des chaises.  La chambre double a une fen\u00eatre donnant sur le village et le salon poss\u00e8de un balcon donnant sur le village\" \/>\n<meta name=\"robots\" content=\"index, follow, max-snippet:-1, max-image-preview:large, max-video-preview:-1\" \/>\n<link rel=\"canonical\" href=\"https:\/\/www.residenzadeifiori.com\/fr\/residenza-dei-fiori\/appartements-avec-fenetre-et-balcon-donnant-sur-le-village\/\" \/>\n<meta property=\"og:locale\" content=\"fr_FR\" \/>\n<meta property=\"og:type\" content=\"article\" \/>\n<meta property=\"og:title\" content=\"Appartements avec fen\u00eatre et balcon donnant sur le village &#8226; Residenza dei Fiori &#8226;\" \/>\n<meta property=\"og:description\" content=\"Ce sont des appartements de deux pi\u00e8ces compos\u00e9s d&#039;une chambre double pour deux personnes et d&#039;un salon avec un canap\u00e9-lit pour une troisi\u00e8me personne. La salle de bain dispose d&#039;une douche et la kitchenette est compl\u00e9t\u00e9e par une table avec des chaises.  La chambre double a une fen\u00eatre donnant sur le village et le salon poss\u00e8de un balcon donnant sur le village\" \/>\n<meta property=\"og:url\" content=\"https:\/\/www.residenzadeifiori.com\/fr\/residenza-dei-fiori\/appartements-avec-fenetre-et-balcon-donnant-sur-le-village\/\" \/>\n<meta property=\"og:site_name\" content=\"Residenza dei Fiori\" \/>\n<meta property=\"article:modified_time\" content=\"2023-10-11T10:36:43+00:00\" \/>\n<meta name=\"twitter:card\" content=\"summary_large_image\" \/>\n<script type=\"application\/ld+json\" class=\"yoast-schema-graph\">{\"@context\":\"https:\\\/\\\/schema.org\",\"@graph\":[{\"@type\":\"WebPage\",\"@id\":\"https:\\\/\\\/www.residenzadeifiori.com\\\/fr\\\/residenza-dei-fiori\\\/appartements-avec-fenetre-et-balcon-donnant-sur-le-village\\\/\",\"url\":\"https:\\\/\\\/www.residenzadeifiori.com\\\/fr\\\/residenza-dei-fiori\\\/appartements-avec-fenetre-et-balcon-donnant-sur-le-village\\\/\",\"name\":\"Appartements avec fen\u00eatre et balcon donnant sur le village &#8226; Residenza dei Fiori &#8226;\",\"isPartOf\":{\"@id\":\"https:\\\/\\\/www.residenzadeifiori.com\\\/fr\\\/#website\"},\"datePublished\":\"2023-10-09T12:48:46+00:00\",\"dateModified\":\"2023-10-11T10:36:43+00:00\",\"description\":\"Ce sont des appartements de deux pi\u00e8ces compos\u00e9s d'une chambre double pour deux personnes et d'un salon avec un canap\u00e9-lit pour une troisi\u00e8me personne. La salle de bain dispose d'une douche et la kitchenette est compl\u00e9t\u00e9e par une table avec des chaises. La chambre double a une fen\u00eatre donnant sur le village et le salon poss\u00e8de un balcon donnant sur le village\",\"breadcrumb\":{\"@id\":\"https:\\\/\\\/www.residenzadeifiori.com\\\/fr\\\/residenza-dei-fiori\\\/appartements-avec-fenetre-et-balcon-donnant-sur-le-village\\\/#breadcrumb\"},\"inLanguage\":\"fr-FR\",\"potentialAction\":[{\"@type\":\"ReadAction\",\"target\":[\"https:\\\/\\\/www.residenzadeifiori.com\\\/fr\\\/residenza-dei-fiori\\\/appartements-avec-fenetre-et-balcon-donnant-sur-le-village\\\/\"]}]},{\"@type\":\"BreadcrumbList\",\"@id\":\"https:\\\/\\\/www.residenzadeifiori.com\\\/fr\\\/residenza-dei-fiori\\\/appartements-avec-fenetre-et-balcon-donnant-sur-le-village\\\/#breadcrumb\",\"itemListElement\":[{\"@type\":\"ListItem\",\"position\":1,\"name\":\"Home\",\"item\":\"https:\\\/\\\/www.residenzadeifiori.com\\\/fr\\\/\"},{\"@type\":\"ListItem\",\"position\":2,\"name\":\"Residenza dei Fiori\",\"item\":\"https:\\\/\\\/www.residenzadeifiori.com\\\/fr\\\/\"},{\"@type\":\"ListItem\",\"position\":3,\"name\":\"Appartements avec fen\u00eatre et balcon donnant sur le village\"}]},{\"@type\":\"WebSite\",\"@id\":\"https:\\\/\\\/www.residenzadeifiori.com\\\/fr\\\/#website\",\"url\":\"https:\\\/\\\/www.residenzadeifiori.com\\\/fr\\\/\",\"name\":\"Residenza dei Fiori\",\"description\":\"\",\"potentialAction\":[{\"@type\":\"SearchAction\",\"target\":{\"@type\":\"EntryPoint\",\"urlTemplate\":\"https:\\\/\\\/www.residenzadeifiori.com\\\/fr\\\/?s={search_term_string}\"},\"query-input\":{\"@type\":\"PropertyValueSpecification\",\"valueRequired\":true,\"valueName\":\"search_term_string\"}}],\"inLanguage\":\"fr-FR\"}]}<\/script>\n<!-- \/ Yoast SEO plugin. -->","yoast_head_json":{"title":"Appartements avec fen\u00eatre et balcon donnant sur le village &#8226; Residenza dei Fiori &#8226;","description":"Ce sont des appartements de deux pi\u00e8ces compos\u00e9s d'une chambre double pour deux personnes et d'un salon avec un canap\u00e9-lit pour une troisi\u00e8me personne. La salle de bain dispose d'une douche et la kitchenette est compl\u00e9t\u00e9e par une table avec des chaises.  La chambre double a une fen\u00eatre donnant sur le village et le salon poss\u00e8de un balcon donnant sur le village","robots":{"index":"index","follow":"follow","max-snippet":"max-snippet:-1","max-image-preview":"max-image-preview:large","max-video-preview":"max-video-preview:-1"},"canonical":"https:\/\/www.residenzadeifiori.com\/fr\/residenza-dei-fiori\/appartements-avec-fenetre-et-balcon-donnant-sur-le-village\/","og_locale":"fr_FR","og_type":"article","og_title":"Appartements avec fen\u00eatre et balcon donnant sur le village &#8226; Residenza dei Fiori &#8226;","og_description":"Ce sont des appartements de deux pi\u00e8ces compos\u00e9s d'une chambre double pour deux personnes et d'un salon avec un canap\u00e9-lit pour une troisi\u00e8me personne. La salle de bain dispose d'une douche et la kitchenette est compl\u00e9t\u00e9e par une table avec des chaises.  La chambre double a une fen\u00eatre donnant sur le village et le salon poss\u00e8de un balcon donnant sur le village","og_url":"https:\/\/www.residenzadeifiori.com\/fr\/residenza-dei-fiori\/appartements-avec-fenetre-et-balcon-donnant-sur-le-village\/","og_site_name":"Residenza dei Fiori","article_modified_time":"2023-10-11T10:36:43+00:00","twitter_card":"summary_large_image","schema":{"@context":"https:\/\/schema.org","@graph":[{"@type":"WebPage","@id":"https:\/\/www.residenzadeifiori.com\/fr\/residenza-dei-fiori\/appartements-avec-fenetre-et-balcon-donnant-sur-le-village\/","url":"https:\/\/www.residenzadeifiori.com\/fr\/residenza-dei-fiori\/appartements-avec-fenetre-et-balcon-donnant-sur-le-village\/","name":"Appartements avec fen\u00eatre et balcon donnant sur le village &#8226; Residenza dei Fiori &#8226;","isPartOf":{"@id":"https:\/\/www.residenzadeifiori.com\/fr\/#website"},"datePublished":"2023-10-09T12:48:46+00:00","dateModified":"2023-10-11T10:36:43+00:00","description":"Ce sont des appartements de deux pi\u00e8ces compos\u00e9s d'une chambre double pour deux personnes et d'un salon avec un canap\u00e9-lit pour une troisi\u00e8me personne. La salle de bain dispose d'une douche et la kitchenette est compl\u00e9t\u00e9e par une table avec des chaises. La chambre double a une fen\u00eatre donnant sur le village et le salon poss\u00e8de un balcon donnant sur le village","breadcrumb":{"@id":"https:\/\/www.residenzadeifiori.com\/fr\/residenza-dei-fiori\/appartements-avec-fenetre-et-balcon-donnant-sur-le-village\/#breadcrumb"},"inLanguage":"fr-FR","potentialAction":[{"@type":"ReadAction","target":["https:\/\/www.residenzadeifiori.com\/fr\/residenza-dei-fiori\/appartements-avec-fenetre-et-balcon-donnant-sur-le-village\/"]}]},{"@type":"BreadcrumbList","@id":"https:\/\/www.residenzadeifiori.com\/fr\/residenza-dei-fiori\/appartements-avec-fenetre-et-balcon-donnant-sur-le-village\/#breadcrumb","itemListElement":[{"@type":"ListItem","position":1,"name":"Home","item":"https:\/\/www.residenzadeifiori.com\/fr\/"},{"@type":"ListItem","position":2,"name":"Residenza dei Fiori","item":"https:\/\/www.residenzadeifiori.com\/fr\/"},{"@type":"ListItem","position":3,"name":"Appartements avec fen\u00eatre et balcon donnant sur le village"}]},{"@type":"WebSite","@id":"https:\/\/www.residenzadeifiori.com\/fr\/#website","url":"https:\/\/www.residenzadeifiori.com\/fr\/","name":"Residenza dei Fiori","description":"","potentialAction":[{"@type":"SearchAction","target":{"@type":"EntryPoint","urlTemplate":"https:\/\/www.residenzadeifiori.com\/fr\/?s={search_term_string}"},"query-input":{"@type":"PropertyValueSpecification","valueRequired":true,"valueName":"search_term_string"}}],"inLanguage":"fr-FR"}]}},"acf":[],"_links":{"self":[{"href":"https:\/\/www.residenzadeifiori.com\/fr\/wp-json\/wp\/v2\/pages\/130","targetHints":{"allow":["GET"]}}],"collection":[{"href":"https:\/\/www.residenzadeifiori.com\/fr\/wp-json\/wp\/v2\/pages"}],"about":[{"href":"https:\/\/www.residenzadeifiori.com\/fr\/wp-json\/wp\/v2\/types\/page"}],"author":[{"embeddable":true,"href":"https:\/\/www.residenzadeifiori.com\/fr\/wp-json\/wp\/v2\/users\/26"}],"replies":[{"embeddable":true,"href":"https:\/\/www.residenzadeifiori.com\/fr\/wp-json\/wp\/v2\/comments?post=130"}],"version-history":[{"count":0,"href":"https:\/\/www.residenzadeifiori.com\/fr\/wp-json\/wp\/v2\/pages\/130\/revisions"}],"up":[{"embeddable":true,"href":"https:\/\/www.residenzadeifiori.com\/fr\/wp-json\/wp\/v2\/pages\/95"}],"wp:attachment":[{"href":"https:\/\/www.residenzadeifiori.com\/fr\/wp-json\/wp\/v2\/media?parent=130"}],"curies":[{"name":"wp","href":"https:\/\/api.w.org\/{rel}","templated":true}]}}