{"id":128,"date":"2023-10-09T14:44:24","date_gmt":"2023-10-09T12:44:24","guid":{"rendered":"https:\/\/residenzadeifiori.ms2.decms.eu\/?page_id=128"},"modified":"2023-10-11T12:35:53","modified_gmt":"2023-10-11T10:35:53","slug":"appartement-avec-balcon-donnant-sur-la-piscine-et-deux-chambres","status":"publish","type":"page","link":"https:\/\/www.residenzadeifiori.com\/fr\/residenza-dei-fiori\/appartement-avec-balcon-donnant-sur-la-piscine-et-deux-chambres\/","title":{"rendered":"Appartement avec balcon donnant sur la piscine et deux chambres"},"content":{"rendered":"<p>C&rsquo;est un appartement de trois pi\u00e8ces avec deux chambres ; une chambre double et une chambre \u00e0 lits jumeaux. Le salon et la cuisine sont s\u00e9par\u00e9s. La salle de bain a une douche. Le salon dispose d&rsquo;un balcon donnant sur la piscine et la cuisine dispose d&rsquo;un balcon donnant sur le petit jardin priv\u00e9 de l&rsquo;H\u00f4tel.<\/p>\n<p>Dans le salon, le canap\u00e9-lit peut \u00eatre utilis\u00e9 par une cinqui\u00e8me personne. Le plus grand balcon du salon est \u00e9quip\u00e9 d&rsquo;une table et de deux chaises. Il n&rsquo;est pas accessible par ascenseur.<\/p>\n","protected":false},"excerpt":{"rendered":"<p>C&rsquo;est un appartement de trois pi\u00e8ces avec deux chambres ; une chambre double et une chambre \u00e0 lits jumeaux. Le salon et la cuisine sont s\u00e9par\u00e9s. La salle de bain a une douche. Le salon dispose d&rsquo;un balcon donnant sur la piscine et la cuisine dispose d&rsquo;un balcon donnant sur le petit jardin priv\u00e9 de [&hellip;]<\/p>\n","protected":false},"author":26,"featured_media":0,"parent":95,"menu_order":30,"comment_status":"closed","ping_status":"closed","template":"appartamento-vista-piscina.php","meta":{"footnotes":""},"class_list":["post-128","page","type-page","status-publish","hentry"],"yoast_head":"<!-- This site is optimized with the Yoast SEO plugin v27.3 - https:\/\/yoast.com\/product\/yoast-seo-wordpress\/ -->\n<title>Appartement avec balcon donnant sur la piscine et deux chambres &#8226; Residenza dei Fiori &#8226;<\/title>\n<meta name=\"description\" content=\"C&#039;est un appartement de trois pi\u00e8ces avec deux chambres ; une chambre double et une chambre \u00e0 lits jumeaux. Le salon et la cuisine sont s\u00e9par\u00e9s\" \/>\n<meta name=\"robots\" content=\"index, follow, max-snippet:-1, max-image-preview:large, max-video-preview:-1\" \/>\n<link rel=\"canonical\" href=\"https:\/\/www.residenzadeifiori.com\/fr\/residenza-dei-fiori\/appartement-avec-balcon-donnant-sur-la-piscine-et-deux-chambres\/\" \/>\n<meta property=\"og:locale\" content=\"fr_FR\" \/>\n<meta property=\"og:type\" content=\"article\" \/>\n<meta property=\"og:title\" content=\"Appartement avec balcon donnant sur la piscine et deux chambres &#8226; Residenza dei Fiori &#8226;\" \/>\n<meta property=\"og:description\" content=\"C&#039;est un appartement de trois pi\u00e8ces avec deux chambres ; une chambre double et une chambre \u00e0 lits jumeaux. Le salon et la cuisine sont s\u00e9par\u00e9s\" \/>\n<meta property=\"og:url\" content=\"https:\/\/www.residenzadeifiori.com\/fr\/residenza-dei-fiori\/appartement-avec-balcon-donnant-sur-la-piscine-et-deux-chambres\/\" \/>\n<meta property=\"og:site_name\" content=\"Residenza dei Fiori\" \/>\n<meta property=\"article:modified_time\" content=\"2023-10-11T10:35:53+00:00\" \/>\n<meta name=\"twitter:card\" content=\"summary_large_image\" \/>\n<script type=\"application\/ld+json\" class=\"yoast-schema-graph\">{\"@context\":\"https:\\\/\\\/schema.org\",\"@graph\":[{\"@type\":\"WebPage\",\"@id\":\"https:\\\/\\\/www.residenzadeifiori.com\\\/fr\\\/residenza-dei-fiori\\\/appartement-avec-balcon-donnant-sur-la-piscine-et-deux-chambres\\\/\",\"url\":\"https:\\\/\\\/www.residenzadeifiori.com\\\/fr\\\/residenza-dei-fiori\\\/appartement-avec-balcon-donnant-sur-la-piscine-et-deux-chambres\\\/\",\"name\":\"Appartement avec balcon donnant sur la piscine et deux chambres &#8226; Residenza dei Fiori &#8226;\",\"isPartOf\":{\"@id\":\"https:\\\/\\\/www.residenzadeifiori.com\\\/fr\\\/#website\"},\"datePublished\":\"2023-10-09T12:44:24+00:00\",\"dateModified\":\"2023-10-11T10:35:53+00:00\",\"description\":\"C'est un appartement de trois pi\u00e8ces avec deux chambres ; une chambre double et une chambre \u00e0 lits jumeaux. Le salon et la cuisine sont s\u00e9par\u00e9s\",\"breadcrumb\":{\"@id\":\"https:\\\/\\\/www.residenzadeifiori.com\\\/fr\\\/residenza-dei-fiori\\\/appartement-avec-balcon-donnant-sur-la-piscine-et-deux-chambres\\\/#breadcrumb\"},\"inLanguage\":\"fr-FR\",\"potentialAction\":[{\"@type\":\"ReadAction\",\"target\":[\"https:\\\/\\\/www.residenzadeifiori.com\\\/fr\\\/residenza-dei-fiori\\\/appartement-avec-balcon-donnant-sur-la-piscine-et-deux-chambres\\\/\"]}]},{\"@type\":\"BreadcrumbList\",\"@id\":\"https:\\\/\\\/www.residenzadeifiori.com\\\/fr\\\/residenza-dei-fiori\\\/appartement-avec-balcon-donnant-sur-la-piscine-et-deux-chambres\\\/#breadcrumb\",\"itemListElement\":[{\"@type\":\"ListItem\",\"position\":1,\"name\":\"Home\",\"item\":\"https:\\\/\\\/www.residenzadeifiori.com\\\/fr\\\/\"},{\"@type\":\"ListItem\",\"position\":2,\"name\":\"Residenza dei Fiori\",\"item\":\"https:\\\/\\\/www.residenzadeifiori.com\\\/fr\\\/\"},{\"@type\":\"ListItem\",\"position\":3,\"name\":\"Appartement avec balcon donnant sur la piscine et deux chambres\"}]},{\"@type\":\"WebSite\",\"@id\":\"https:\\\/\\\/www.residenzadeifiori.com\\\/fr\\\/#website\",\"url\":\"https:\\\/\\\/www.residenzadeifiori.com\\\/fr\\\/\",\"name\":\"Residenza dei Fiori\",\"description\":\"\",\"potentialAction\":[{\"@type\":\"SearchAction\",\"target\":{\"@type\":\"EntryPoint\",\"urlTemplate\":\"https:\\\/\\\/www.residenzadeifiori.com\\\/fr\\\/?s={search_term_string}\"},\"query-input\":{\"@type\":\"PropertyValueSpecification\",\"valueRequired\":true,\"valueName\":\"search_term_string\"}}],\"inLanguage\":\"fr-FR\"}]}<\/script>\n<!-- \/ Yoast SEO plugin. -->","yoast_head_json":{"title":"Appartement avec balcon donnant sur la piscine et deux chambres &#8226; Residenza dei Fiori &#8226;","description":"C'est un appartement de trois pi\u00e8ces avec deux chambres ; une chambre double et une chambre \u00e0 lits jumeaux. Le salon et la cuisine sont s\u00e9par\u00e9s","robots":{"index":"index","follow":"follow","max-snippet":"max-snippet:-1","max-image-preview":"max-image-preview:large","max-video-preview":"max-video-preview:-1"},"canonical":"https:\/\/www.residenzadeifiori.com\/fr\/residenza-dei-fiori\/appartement-avec-balcon-donnant-sur-la-piscine-et-deux-chambres\/","og_locale":"fr_FR","og_type":"article","og_title":"Appartement avec balcon donnant sur la piscine et deux chambres &#8226; Residenza dei Fiori &#8226;","og_description":"C'est un appartement de trois pi\u00e8ces avec deux chambres ; une chambre double et une chambre \u00e0 lits jumeaux. Le salon et la cuisine sont s\u00e9par\u00e9s","og_url":"https:\/\/www.residenzadeifiori.com\/fr\/residenza-dei-fiori\/appartement-avec-balcon-donnant-sur-la-piscine-et-deux-chambres\/","og_site_name":"Residenza dei Fiori","article_modified_time":"2023-10-11T10:35:53+00:00","twitter_card":"summary_large_image","schema":{"@context":"https:\/\/schema.org","@graph":[{"@type":"WebPage","@id":"https:\/\/www.residenzadeifiori.com\/fr\/residenza-dei-fiori\/appartement-avec-balcon-donnant-sur-la-piscine-et-deux-chambres\/","url":"https:\/\/www.residenzadeifiori.com\/fr\/residenza-dei-fiori\/appartement-avec-balcon-donnant-sur-la-piscine-et-deux-chambres\/","name":"Appartement avec balcon donnant sur la piscine et deux chambres &#8226; Residenza dei Fiori &#8226;","isPartOf":{"@id":"https:\/\/www.residenzadeifiori.com\/fr\/#website"},"datePublished":"2023-10-09T12:44:24+00:00","dateModified":"2023-10-11T10:35:53+00:00","description":"C'est un appartement de trois pi\u00e8ces avec deux chambres ; une chambre double et une chambre \u00e0 lits jumeaux. Le salon et la cuisine sont s\u00e9par\u00e9s","breadcrumb":{"@id":"https:\/\/www.residenzadeifiori.com\/fr\/residenza-dei-fiori\/appartement-avec-balcon-donnant-sur-la-piscine-et-deux-chambres\/#breadcrumb"},"inLanguage":"fr-FR","potentialAction":[{"@type":"ReadAction","target":["https:\/\/www.residenzadeifiori.com\/fr\/residenza-dei-fiori\/appartement-avec-balcon-donnant-sur-la-piscine-et-deux-chambres\/"]}]},{"@type":"BreadcrumbList","@id":"https:\/\/www.residenzadeifiori.com\/fr\/residenza-dei-fiori\/appartement-avec-balcon-donnant-sur-la-piscine-et-deux-chambres\/#breadcrumb","itemListElement":[{"@type":"ListItem","position":1,"name":"Home","item":"https:\/\/www.residenzadeifiori.com\/fr\/"},{"@type":"ListItem","position":2,"name":"Residenza dei Fiori","item":"https:\/\/www.residenzadeifiori.com\/fr\/"},{"@type":"ListItem","position":3,"name":"Appartement avec balcon donnant sur la piscine et deux chambres"}]},{"@type":"WebSite","@id":"https:\/\/www.residenzadeifiori.com\/fr\/#website","url":"https:\/\/www.residenzadeifiori.com\/fr\/","name":"Residenza dei Fiori","description":"","potentialAction":[{"@type":"SearchAction","target":{"@type":"EntryPoint","urlTemplate":"https:\/\/www.residenzadeifiori.com\/fr\/?s={search_term_string}"},"query-input":{"@type":"PropertyValueSpecification","valueRequired":true,"valueName":"search_term_string"}}],"inLanguage":"fr-FR"}]}},"acf":[],"_links":{"self":[{"href":"https:\/\/www.residenzadeifiori.com\/fr\/wp-json\/wp\/v2\/pages\/128","targetHints":{"allow":["GET"]}}],"collection":[{"href":"https:\/\/www.residenzadeifiori.com\/fr\/wp-json\/wp\/v2\/pages"}],"about":[{"href":"https:\/\/www.residenzadeifiori.com\/fr\/wp-json\/wp\/v2\/types\/page"}],"author":[{"embeddable":true,"href":"https:\/\/www.residenzadeifiori.com\/fr\/wp-json\/wp\/v2\/users\/26"}],"replies":[{"embeddable":true,"href":"https:\/\/www.residenzadeifiori.com\/fr\/wp-json\/wp\/v2\/comments?post=128"}],"version-history":[{"count":0,"href":"https:\/\/www.residenzadeifiori.com\/fr\/wp-json\/wp\/v2\/pages\/128\/revisions"}],"up":[{"embeddable":true,"href":"https:\/\/www.residenzadeifiori.com\/fr\/wp-json\/wp\/v2\/pages\/95"}],"wp:attachment":[{"href":"https:\/\/www.residenzadeifiori.com\/fr\/wp-json\/wp\/v2\/media?parent=128"}],"curies":[{"name":"wp","href":"https:\/\/api.w.org\/{rel}","templated":true}]}}