{"id":102,"date":"2023-10-09T14:43:12","date_gmt":"2023-10-09T12:43:12","guid":{"rendered":"https:\/\/residenzadeifiori.ms2.decms.eu\/?page_id=102"},"modified":"2023-10-11T10:37:28","modified_gmt":"2023-10-11T08:37:28","slug":"apartments-mit-balkon-und-blick-auf-den-pool","status":"publish","type":"page","link":"https:\/\/www.residenzadeifiori.com\/de\/residenza-dei-fiori\/apartments-mit-balkon-und-blick-auf-den-pool\/","title":{"rendered":"Apartments mit Balkon und Blick auf den Pool"},"content":{"rendered":"<p>Es handelt sich um Zweizimmerwohnungen, die aus einem Schlafzimmer mit Doppelbett f\u00fcr zwei Personen und einem Wohnzimmer mit einem Schlafsofa f\u00fcr eine dritte Person bestehen. Das Badezimmer verf\u00fcgt \u00fcber eine Dusche und die K\u00fcchenzeile wird durch einen Tisch mit St\u00fchlen erg\u00e4nzt.<\/p>\n<p>Das Schlafzimmer mit Doppelbett verf\u00fcgt \u00fcber ein Fenster mit Blick auf den Pool und das Wohnzimmer verf\u00fcgt \u00fcber einen Balkon mit Blick auf den Pool. Auf dem Balkon stehen ein Tisch und zwei St\u00fchle. Einige sind auch mit dem Aufzug erreichbar.<\/p>\n","protected":false},"excerpt":{"rendered":"<p>Es handelt sich um Zweizimmerwohnungen, die aus einem Schlafzimmer mit Doppelbett f\u00fcr zwei Personen und einem Wohnzimmer mit einem Schlafsofa f\u00fcr eine dritte Person bestehen. Das Badezimmer verf\u00fcgt \u00fcber eine Dusche und die K\u00fcchenzeile wird durch einen Tisch mit St\u00fchlen erg\u00e4nzt. Das Schlafzimmer mit Doppelbett verf\u00fcgt \u00fcber ein Fenster mit Blick auf den Pool und [&hellip;]<\/p>\n","protected":false},"author":26,"featured_media":0,"parent":96,"menu_order":10,"comment_status":"closed","ping_status":"closed","template":"appartamento-vista-piscina.php","meta":{"footnotes":""},"class_list":["post-102","page","type-page","status-publish","hentry"],"yoast_head":"<!-- This site is optimized with the Yoast SEO plugin v27.3 - https:\/\/yoast.com\/product\/yoast-seo-wordpress\/ -->\n<title>Apartments mit Balkon und Blick auf den Pool &#8226; Residenza dei Fiori &#8226;<\/title>\n<meta name=\"description\" content=\"Es handelt sich um Zweizimmerwohnungen, die aus einem Schlafzimmer mit Doppelbett f\u00fcr zwei Personen und einem Wohnzimmer mit einem Schlafsofa f\u00fcr eine dritte Person bestehen. Das Badezimmer verf\u00fcgt \u00fcber eine Dusche und die K\u00fcchenzeile wird durch einen Tisch mit St\u00fchlen erg\u00e4nzt.  Das Schlafzimmer mit Doppelbett verf\u00fcgt \u00fcber ein Fenster mit Blick auf den Pool und das Wohnzimmer verf\u00fcgt \u00fcber einen Balkon mit Blick auf den Pool\" \/>\n<meta name=\"robots\" content=\"index, follow, max-snippet:-1, max-image-preview:large, max-video-preview:-1\" \/>\n<link rel=\"canonical\" href=\"https:\/\/www.residenzadeifiori.com\/de\/residenza-dei-fiori\/apartments-mit-balkon-und-blick-auf-den-pool\/\" \/>\n<meta property=\"og:locale\" content=\"de_DE\" \/>\n<meta property=\"og:type\" content=\"article\" \/>\n<meta property=\"og:title\" content=\"Apartments mit Balkon und Blick auf den Pool &#8226; Residenza dei Fiori &#8226;\" \/>\n<meta property=\"og:description\" content=\"Es handelt sich um Zweizimmerwohnungen, die aus einem Schlafzimmer mit Doppelbett f\u00fcr zwei Personen und einem Wohnzimmer mit einem Schlafsofa f\u00fcr eine dritte Person bestehen. Das Badezimmer verf\u00fcgt \u00fcber eine Dusche und die K\u00fcchenzeile wird durch einen Tisch mit St\u00fchlen erg\u00e4nzt.  Das Schlafzimmer mit Doppelbett verf\u00fcgt \u00fcber ein Fenster mit Blick auf den Pool und das Wohnzimmer verf\u00fcgt \u00fcber einen Balkon mit Blick auf den Pool\" \/>\n<meta property=\"og:url\" content=\"https:\/\/www.residenzadeifiori.com\/de\/residenza-dei-fiori\/apartments-mit-balkon-und-blick-auf-den-pool\/\" \/>\n<meta property=\"og:site_name\" content=\"Residenza dei Fiori\" \/>\n<meta property=\"article:modified_time\" content=\"2023-10-11T08:37:28+00:00\" \/>\n<meta name=\"twitter:card\" content=\"summary_large_image\" \/>\n<script type=\"application\/ld+json\" class=\"yoast-schema-graph\">{\"@context\":\"https:\\\/\\\/schema.org\",\"@graph\":[{\"@type\":\"WebPage\",\"@id\":\"https:\\\/\\\/www.residenzadeifiori.com\\\/de\\\/residenza-dei-fiori\\\/apartments-mit-balkon-und-blick-auf-den-pool\\\/\",\"url\":\"https:\\\/\\\/www.residenzadeifiori.com\\\/de\\\/residenza-dei-fiori\\\/apartments-mit-balkon-und-blick-auf-den-pool\\\/\",\"name\":\"Apartments mit Balkon und Blick auf den Pool &#8226; Residenza dei Fiori &#8226;\",\"isPartOf\":{\"@id\":\"https:\\\/\\\/www.residenzadeifiori.com\\\/de\\\/#website\"},\"datePublished\":\"2023-10-09T12:43:12+00:00\",\"dateModified\":\"2023-10-11T08:37:28+00:00\",\"description\":\"Es handelt sich um Zweizimmerwohnungen, die aus einem Schlafzimmer mit Doppelbett f\u00fcr zwei Personen und einem Wohnzimmer mit einem Schlafsofa f\u00fcr eine dritte Person bestehen. Das Badezimmer verf\u00fcgt \u00fcber eine Dusche und die K\u00fcchenzeile wird durch einen Tisch mit St\u00fchlen erg\u00e4nzt. Das Schlafzimmer mit Doppelbett verf\u00fcgt \u00fcber ein Fenster mit Blick auf den Pool und das Wohnzimmer verf\u00fcgt \u00fcber einen Balkon mit Blick auf den Pool\",\"breadcrumb\":{\"@id\":\"https:\\\/\\\/www.residenzadeifiori.com\\\/de\\\/residenza-dei-fiori\\\/apartments-mit-balkon-und-blick-auf-den-pool\\\/#breadcrumb\"},\"inLanguage\":\"de-DE\",\"potentialAction\":[{\"@type\":\"ReadAction\",\"target\":[\"https:\\\/\\\/www.residenzadeifiori.com\\\/de\\\/residenza-dei-fiori\\\/apartments-mit-balkon-und-blick-auf-den-pool\\\/\"]}]},{\"@type\":\"BreadcrumbList\",\"@id\":\"https:\\\/\\\/www.residenzadeifiori.com\\\/de\\\/residenza-dei-fiori\\\/apartments-mit-balkon-und-blick-auf-den-pool\\\/#breadcrumb\",\"itemListElement\":[{\"@type\":\"ListItem\",\"position\":1,\"name\":\"Home\",\"item\":\"https:\\\/\\\/www.residenzadeifiori.com\\\/de\\\/\"},{\"@type\":\"ListItem\",\"position\":2,\"name\":\"Residenza dei Fiori\",\"item\":\"https:\\\/\\\/www.residenzadeifiori.com\\\/de\\\/\"},{\"@type\":\"ListItem\",\"position\":3,\"name\":\"Apartments mit Balkon und Blick auf den Pool\"}]},{\"@type\":\"WebSite\",\"@id\":\"https:\\\/\\\/www.residenzadeifiori.com\\\/de\\\/#website\",\"url\":\"https:\\\/\\\/www.residenzadeifiori.com\\\/de\\\/\",\"name\":\"Residenza dei Fiori\",\"description\":\"\",\"potentialAction\":[{\"@type\":\"SearchAction\",\"target\":{\"@type\":\"EntryPoint\",\"urlTemplate\":\"https:\\\/\\\/www.residenzadeifiori.com\\\/de\\\/?s={search_term_string}\"},\"query-input\":{\"@type\":\"PropertyValueSpecification\",\"valueRequired\":true,\"valueName\":\"search_term_string\"}}],\"inLanguage\":\"de-DE\"}]}<\/script>\n<!-- \/ Yoast SEO plugin. -->","yoast_head_json":{"title":"Apartments mit Balkon und Blick auf den Pool &#8226; Residenza dei Fiori &#8226;","description":"Es handelt sich um Zweizimmerwohnungen, die aus einem Schlafzimmer mit Doppelbett f\u00fcr zwei Personen und einem Wohnzimmer mit einem Schlafsofa f\u00fcr eine dritte Person bestehen. Das Badezimmer verf\u00fcgt \u00fcber eine Dusche und die K\u00fcchenzeile wird durch einen Tisch mit St\u00fchlen erg\u00e4nzt.  Das Schlafzimmer mit Doppelbett verf\u00fcgt \u00fcber ein Fenster mit Blick auf den Pool und das Wohnzimmer verf\u00fcgt \u00fcber einen Balkon mit Blick auf den Pool","robots":{"index":"index","follow":"follow","max-snippet":"max-snippet:-1","max-image-preview":"max-image-preview:large","max-video-preview":"max-video-preview:-1"},"canonical":"https:\/\/www.residenzadeifiori.com\/de\/residenza-dei-fiori\/apartments-mit-balkon-und-blick-auf-den-pool\/","og_locale":"de_DE","og_type":"article","og_title":"Apartments mit Balkon und Blick auf den Pool &#8226; Residenza dei Fiori &#8226;","og_description":"Es handelt sich um Zweizimmerwohnungen, die aus einem Schlafzimmer mit Doppelbett f\u00fcr zwei Personen und einem Wohnzimmer mit einem Schlafsofa f\u00fcr eine dritte Person bestehen. Das Badezimmer verf\u00fcgt \u00fcber eine Dusche und die K\u00fcchenzeile wird durch einen Tisch mit St\u00fchlen erg\u00e4nzt.  Das Schlafzimmer mit Doppelbett verf\u00fcgt \u00fcber ein Fenster mit Blick auf den Pool und das Wohnzimmer verf\u00fcgt \u00fcber einen Balkon mit Blick auf den Pool","og_url":"https:\/\/www.residenzadeifiori.com\/de\/residenza-dei-fiori\/apartments-mit-balkon-und-blick-auf-den-pool\/","og_site_name":"Residenza dei Fiori","article_modified_time":"2023-10-11T08:37:28+00:00","twitter_card":"summary_large_image","schema":{"@context":"https:\/\/schema.org","@graph":[{"@type":"WebPage","@id":"https:\/\/www.residenzadeifiori.com\/de\/residenza-dei-fiori\/apartments-mit-balkon-und-blick-auf-den-pool\/","url":"https:\/\/www.residenzadeifiori.com\/de\/residenza-dei-fiori\/apartments-mit-balkon-und-blick-auf-den-pool\/","name":"Apartments mit Balkon und Blick auf den Pool &#8226; Residenza dei Fiori &#8226;","isPartOf":{"@id":"https:\/\/www.residenzadeifiori.com\/de\/#website"},"datePublished":"2023-10-09T12:43:12+00:00","dateModified":"2023-10-11T08:37:28+00:00","description":"Es handelt sich um Zweizimmerwohnungen, die aus einem Schlafzimmer mit Doppelbett f\u00fcr zwei Personen und einem Wohnzimmer mit einem Schlafsofa f\u00fcr eine dritte Person bestehen. Das Badezimmer verf\u00fcgt \u00fcber eine Dusche und die K\u00fcchenzeile wird durch einen Tisch mit St\u00fchlen erg\u00e4nzt. Das Schlafzimmer mit Doppelbett verf\u00fcgt \u00fcber ein Fenster mit Blick auf den Pool und das Wohnzimmer verf\u00fcgt \u00fcber einen Balkon mit Blick auf den Pool","breadcrumb":{"@id":"https:\/\/www.residenzadeifiori.com\/de\/residenza-dei-fiori\/apartments-mit-balkon-und-blick-auf-den-pool\/#breadcrumb"},"inLanguage":"de-DE","potentialAction":[{"@type":"ReadAction","target":["https:\/\/www.residenzadeifiori.com\/de\/residenza-dei-fiori\/apartments-mit-balkon-und-blick-auf-den-pool\/"]}]},{"@type":"BreadcrumbList","@id":"https:\/\/www.residenzadeifiori.com\/de\/residenza-dei-fiori\/apartments-mit-balkon-und-blick-auf-den-pool\/#breadcrumb","itemListElement":[{"@type":"ListItem","position":1,"name":"Home","item":"https:\/\/www.residenzadeifiori.com\/de\/"},{"@type":"ListItem","position":2,"name":"Residenza dei Fiori","item":"https:\/\/www.residenzadeifiori.com\/de\/"},{"@type":"ListItem","position":3,"name":"Apartments mit Balkon und Blick auf den Pool"}]},{"@type":"WebSite","@id":"https:\/\/www.residenzadeifiori.com\/de\/#website","url":"https:\/\/www.residenzadeifiori.com\/de\/","name":"Residenza dei Fiori","description":"","potentialAction":[{"@type":"SearchAction","target":{"@type":"EntryPoint","urlTemplate":"https:\/\/www.residenzadeifiori.com\/de\/?s={search_term_string}"},"query-input":{"@type":"PropertyValueSpecification","valueRequired":true,"valueName":"search_term_string"}}],"inLanguage":"de-DE"}]}},"acf":[],"_links":{"self":[{"href":"https:\/\/www.residenzadeifiori.com\/de\/wp-json\/wp\/v2\/pages\/102","targetHints":{"allow":["GET"]}}],"collection":[{"href":"https:\/\/www.residenzadeifiori.com\/de\/wp-json\/wp\/v2\/pages"}],"about":[{"href":"https:\/\/www.residenzadeifiori.com\/de\/wp-json\/wp\/v2\/types\/page"}],"author":[{"embeddable":true,"href":"https:\/\/www.residenzadeifiori.com\/de\/wp-json\/wp\/v2\/users\/26"}],"replies":[{"embeddable":true,"href":"https:\/\/www.residenzadeifiori.com\/de\/wp-json\/wp\/v2\/comments?post=102"}],"version-history":[{"count":0,"href":"https:\/\/www.residenzadeifiori.com\/de\/wp-json\/wp\/v2\/pages\/102\/revisions"}],"up":[{"embeddable":true,"href":"https:\/\/www.residenzadeifiori.com\/de\/wp-json\/wp\/v2\/pages\/96"}],"wp:attachment":[{"href":"https:\/\/www.residenzadeifiori.com\/de\/wp-json\/wp\/v2\/media?parent=102"}],"curies":[{"name":"wp","href":"https:\/\/api.w.org\/{rel}","templated":true}]}}